{"id":2165,"date":"2018-10-04T08:01:09","date_gmt":"2018-10-04T06:01:09","guid":{"rendered":"https:\/\/www.farmstore.nl\/a-propos-de-nous"},"modified":"2024-03-07T09:03:27","modified_gmt":"2024-03-07T08:03:27","slug":"a-propos-de-nous","status":"publish","type":"page","link":"https:\/\/www.farmstore.nl\/fr\/a-propos-de-nous\/","title":{"rendered":"A propos de nous"},"content":{"rendered":"<div class=\"fusion-fullwidth fullwidth-box fusion-builder-row-1 nonhundred-percent-fullwidth non-hundred-percent-height-scrolling\" style=\"--awb-border-radius-top-left:0px;--awb-border-radius-top-right:0px;--awb-border-radius-bottom-right:0px;--awb-border-radius-bottom-left:0px;--awb-flex-wrap:wrap;\" ><div class=\"fusion-builder-row fusion-row\"><div class=\"fusion-layout-column fusion_builder_column fusion-builder-column-0 fusion_builder_column_1_1 1_1 fusion-one-full fusion-column-first fusion-column-last\" style=\"--awb-bg-size:cover;\"><div class=\"fusion-column-wrapper fusion-flex-column-wrapper-legacy\"><div class=\"fusion-text fusion-text-1 singlepage-head\"><h1>A propos de nous<\/h1>\n<\/div><div class=\"fusion-text fusion-text-2\" style=\"--awb-text-transform:none;\"><p>En 1997, la soci\u00e9t\u00e9 Farmstore a \u00e9t\u00e9 cr\u00e9\u00e9e apr\u00e8s qu&rsquo;Adriaan van den Berg et sa femme Anita, contraints par les circonstances, ont eu l&rsquo;opportunit\u00e9 de poursuivre les activit\u00e9s de vente de Storti (vente de m\u00e9langeurs d&rsquo;aliments) de mani\u00e8re ind\u00e9pendante dans le Benelux. Les excavateurs de marque Farmax \u00e9taient le deuxi\u00e8me produit vendu \u00e0 l&rsquo;\u00e9poque (d&rsquo;o\u00f9 le nom farm&#8230;.stor(e)) et, avec Hans Peters, responsable des ventes et de l&rsquo;assistance technique, l&rsquo;entreprise a lentement pris forme. Passer d&rsquo;une entreprise de 3 personnes dans le garage \u00e0 une entreprise de 9 personnes dans des locaux reconnaissables aujourd&rsquo;hui est une r\u00e9ussite dont nous pouvons \u00eatre fiers !<\/p>\n<p>Apr\u00e8s presque 25 ans d&rsquo;existence \u00e0 Bleskensgraaf, Farmstore a entam\u00e9 un nouveau chapitre important de son existence \u00e0 partir du 1er janvier 2022. Wilko Jilissen a repris Farmstore d&rsquo;Adriaan et Anita van den Berg et s&rsquo;est install\u00e9 \u00e0 Cuijk en janvier 2022. Dans les nouveaux locaux de Cuijk, nous avons l&rsquo;intention de servir encore mieux nos clients, comme nous en avons l&rsquo;habitude. Dans le nouveau b\u00e2timent, nous pouvons pr\u00e9senter une large s\u00e9lection de notre programme afin de mieux vous informer lorsque vous visitez notre entreprise. Nous esp\u00e9rons vous voir bient\u00f4t \u00e0 Ewinkel 12 \u00e0 Cuijk (\u00e0 c\u00f4t\u00e9 de l&rsquo;A73 Nijmegen-Venlo, sortie 4, Cuijk) !    <\/p>\n<h3>Importateur de marques r\u00e9put\u00e9es<\/h3>\n<p>Sp\u00e9cialis\u00e9 dans le secteur agricole, Farmstore se distingue par son service et sa fiabilit\u00e9. En tant qu&rsquo;importateur, il repr\u00e9sente des marques de premier plan dans divers secteurs de l&rsquo;agriculture et de l&rsquo;\u00e9levage. Actuellement, il s&rsquo;agit d&rsquo;une quinzaine de marques dans les domaines de l&rsquo;ensemencement de pr\u00e9cision, du m\u00e9lange d&rsquo;aliments, du travail du sol, de l&rsquo;\u00e9pandage d&rsquo;engrais, du broyage de c\u00e9r\u00e9ales, de l&rsquo;irrigation et des travaux \u00e0 l&rsquo;int\u00e9rieur et autour de la ferme.  <\/p>\n<h3>Entrep\u00f4t<\/h3>\n<p>A Nijkerk, nous disposons d&rsquo;un entrep\u00f4t de pi\u00e8ces d\u00e9tach\u00e9es tr\u00e8s bien \u00e9quip\u00e9 et tr\u00e8s \u00e9tendu. De l\u00e0, vos commandes sont trait\u00e9es le plus rapidement possible par Job et exp\u00e9di\u00e9es par notre partenaire logistique Night Star Express via la distribution de nuit. Nous nous effor\u00e7ons ainsi de tout livrer \u00e0 n&rsquo;importe quelle destination dans le Benelux dans les 24 heures suivant votre commande. Vous pouvez envoyer vos commandes de pi\u00e8ces avec les num\u00e9ros de pi\u00e8ces \u00e0 <a href=\"mailto:onderdelen@farmstore.nl?subject=Onderdelenbestelling\">onderdelen@farmstore.nl<\/a>.    Pour toutes vos demandes de prix et autres questions, veuillez contacter notre bureau par t\u00e9l\u00e9phone au <a href=\"tel:\/\/0031855808738\">+31 (0)855 80 87 38<\/a>.<\/p>\n<h3>Num\u00e9ro de l&rsquo;erreur<\/h3>\n<p>Le week-end, vous pouvez appeler ce num\u00e9ro si vous avez des probl\u00e8mes techniques <em><strong>urgents<\/strong><\/em> qui ne peuvent pas attendre le lundi et que notre service technique soit \u00e0 nouveau disponible. Ce num\u00e9ro, r\u00e9serv\u00e9 aux <strong><em>urgences<\/em><\/strong>, est le suivant : <a href=\"tel:\/\/0031855808739\">+31 (0)855 808 739<\/a>.<\/p>\n<\/div><div class=\"fusion-clearfix\"><\/div><\/div><\/div><\/div><\/div>\n","protected":false},"excerpt":{"rendered":"","protected":false},"author":1,"featured_media":0,"parent":0,"menu_order":40,"comment_status":"closed","ping_status":"closed","template":"","meta":{"footnotes":""},"class_list":["post-2165","page","type-page","status-publish","hentry"],"yoast_head":"<!-- This site is optimized with the Yoast SEO plugin v27.3 - https:\/\/yoast.com\/product\/yoast-seo-wordpress\/ -->\n<title>A propos de nous - Farmstore<\/title>\n<meta name=\"robots\" content=\"index, follow, max-snippet:-1, max-image-preview:large, max-video-preview:-1\" \/>\n<link rel=\"canonical\" href=\"https:\/\/www.farmstore.nl\/fr\/a-propos-de-nous\/\" \/>\n<meta property=\"og:locale\" content=\"fr_FR\" \/>\n<meta property=\"og:type\" content=\"article\" \/>\n<meta property=\"og:title\" content=\"A propos de nous - Farmstore\" \/>\n<meta property=\"og:url\" content=\"https:\/\/www.farmstore.nl\/fr\/a-propos-de-nous\/\" \/>\n<meta property=\"og:site_name\" content=\"Farmstore\" \/>\n<meta property=\"article:modified_time\" content=\"2024-03-07T08:03:27+00:00\" \/>\n<meta name=\"twitter:card\" content=\"summary_large_image\" \/>\n<meta name=\"twitter:label1\" content=\"Dur\u00e9e de lecture estim\u00e9e\" \/>\n\t<meta name=\"twitter:data1\" content=\"4 minutes\" \/>\n<script type=\"application\/ld+json\" class=\"yoast-schema-graph\">{\"@context\":\"https:\\\/\\\/schema.org\",\"@graph\":[{\"@type\":\"WebPage\",\"@id\":\"https:\\\/\\\/www.farmstore.nl\\\/fr\\\/a-propos-de-nous\\\/\",\"url\":\"https:\\\/\\\/www.farmstore.nl\\\/fr\\\/a-propos-de-nous\\\/\",\"name\":\"A propos de nous - Farmstore\",\"isPartOf\":{\"@id\":\"https:\\\/\\\/www.farmstore.nl\\\/fr\\\/#website\"},\"datePublished\":\"2018-10-04T06:01:09+00:00\",\"dateModified\":\"2024-03-07T08:03:27+00:00\",\"breadcrumb\":{\"@id\":\"https:\\\/\\\/www.farmstore.nl\\\/fr\\\/a-propos-de-nous\\\/#breadcrumb\"},\"inLanguage\":\"fr-FR\",\"potentialAction\":[{\"@type\":\"ReadAction\",\"target\":[\"https:\\\/\\\/www.farmstore.nl\\\/fr\\\/a-propos-de-nous\\\/\"]}]},{\"@type\":\"BreadcrumbList\",\"@id\":\"https:\\\/\\\/www.farmstore.nl\\\/fr\\\/a-propos-de-nous\\\/#breadcrumb\",\"itemListElement\":[{\"@type\":\"ListItem\",\"position\":1,\"name\":\"Home\",\"item\":\"https:\\\/\\\/www.farmstore.nl\\\/fr\\\/home\\\/\"},{\"@type\":\"ListItem\",\"position\":2,\"name\":\"A propos de nous\"}]},{\"@type\":\"WebSite\",\"@id\":\"https:\\\/\\\/www.farmstore.nl\\\/fr\\\/#website\",\"url\":\"https:\\\/\\\/www.farmstore.nl\\\/fr\\\/\",\"name\":\"Farmstore\",\"description\":\"D\u00e9 importeur van landbouw en veeteelt machines\",\"potentialAction\":[{\"@type\":\"SearchAction\",\"target\":{\"@type\":\"EntryPoint\",\"urlTemplate\":\"https:\\\/\\\/www.farmstore.nl\\\/fr\\\/?s={search_term_string}\"},\"query-input\":{\"@type\":\"PropertyValueSpecification\",\"valueRequired\":true,\"valueName\":\"search_term_string\"}}],\"inLanguage\":\"fr-FR\"}]}<\/script>\n<!-- \/ Yoast SEO plugin. -->","yoast_head_json":{"title":"A propos de nous - Farmstore","robots":{"index":"index","follow":"follow","max-snippet":"max-snippet:-1","max-image-preview":"max-image-preview:large","max-video-preview":"max-video-preview:-1"},"canonical":"https:\/\/www.farmstore.nl\/fr\/a-propos-de-nous\/","og_locale":"fr_FR","og_type":"article","og_title":"A propos de nous - Farmstore","og_url":"https:\/\/www.farmstore.nl\/fr\/a-propos-de-nous\/","og_site_name":"Farmstore","article_modified_time":"2024-03-07T08:03:27+00:00","twitter_card":"summary_large_image","twitter_misc":{"Dur\u00e9e de lecture estim\u00e9e":"4 minutes"},"schema":{"@context":"https:\/\/schema.org","@graph":[{"@type":"WebPage","@id":"https:\/\/www.farmstore.nl\/fr\/a-propos-de-nous\/","url":"https:\/\/www.farmstore.nl\/fr\/a-propos-de-nous\/","name":"A propos de nous - Farmstore","isPartOf":{"@id":"https:\/\/www.farmstore.nl\/fr\/#website"},"datePublished":"2018-10-04T06:01:09+00:00","dateModified":"2024-03-07T08:03:27+00:00","breadcrumb":{"@id":"https:\/\/www.farmstore.nl\/fr\/a-propos-de-nous\/#breadcrumb"},"inLanguage":"fr-FR","potentialAction":[{"@type":"ReadAction","target":["https:\/\/www.farmstore.nl\/fr\/a-propos-de-nous\/"]}]},{"@type":"BreadcrumbList","@id":"https:\/\/www.farmstore.nl\/fr\/a-propos-de-nous\/#breadcrumb","itemListElement":[{"@type":"ListItem","position":1,"name":"Home","item":"https:\/\/www.farmstore.nl\/fr\/home\/"},{"@type":"ListItem","position":2,"name":"A propos de nous"}]},{"@type":"WebSite","@id":"https:\/\/www.farmstore.nl\/fr\/#website","url":"https:\/\/www.farmstore.nl\/fr\/","name":"Farmstore","description":"D\u00e9 importeur van landbouw en veeteelt machines","potentialAction":[{"@type":"SearchAction","target":{"@type":"EntryPoint","urlTemplate":"https:\/\/www.farmstore.nl\/fr\/?s={search_term_string}"},"query-input":{"@type":"PropertyValueSpecification","valueRequired":true,"valueName":"search_term_string"}}],"inLanguage":"fr-FR"}]}},"_links":{"self":[{"href":"https:\/\/www.farmstore.nl\/fr\/wp-json\/wp\/v2\/pages\/2165","targetHints":{"allow":["GET"]}}],"collection":[{"href":"https:\/\/www.farmstore.nl\/fr\/wp-json\/wp\/v2\/pages"}],"about":[{"href":"https:\/\/www.farmstore.nl\/fr\/wp-json\/wp\/v2\/types\/page"}],"author":[{"embeddable":true,"href":"https:\/\/www.farmstore.nl\/fr\/wp-json\/wp\/v2\/users\/1"}],"replies":[{"embeddable":true,"href":"https:\/\/www.farmstore.nl\/fr\/wp-json\/wp\/v2\/comments?post=2165"}],"version-history":[{"count":5,"href":"https:\/\/www.farmstore.nl\/fr\/wp-json\/wp\/v2\/pages\/2165\/revisions"}],"predecessor-version":[{"id":2170,"href":"https:\/\/www.farmstore.nl\/fr\/wp-json\/wp\/v2\/pages\/2165\/revisions\/2170"}],"wp:attachment":[{"href":"https:\/\/www.farmstore.nl\/fr\/wp-json\/wp\/v2\/media?parent=2165"}],"curies":[{"name":"wp","href":"https:\/\/api.w.org\/{rel}","templated":true}]}}