{"id":2177,"date":"2018-10-04T08:02:17","date_gmt":"2018-10-04T06:02:17","guid":{"rendered":"https:\/\/www.farmstore.nl\/a-propos-de-nous\/conditions"},"modified":"2026-01-28T19:51:10","modified_gmt":"2026-01-28T18:51:10","slug":"conditions","status":"publish","type":"page","link":"https:\/\/www.farmstore.nl\/fr\/a-propos-de-nous\/conditions\/","title":{"rendered":"Conditions"},"content":{"rendered":"<div class=\"fusion-fullwidth fullwidth-box fusion-builder-row-1 nonhundred-percent-fullwidth non-hundred-percent-height-scrolling\" style=\"--awb-border-radius-top-left:0px;--awb-border-radius-top-right:0px;--awb-border-radius-bottom-right:0px;--awb-border-radius-bottom-left:0px;--awb-flex-wrap:wrap;\" ><div class=\"fusion-builder-row fusion-row\"><div class=\"fusion-layout-column fusion_builder_column fusion-builder-column-0 fusion_builder_column_1_1 1_1 fusion-one-full fusion-column-first fusion-column-last\" style=\"--awb-bg-size:cover;\"><div class=\"fusion-column-wrapper fusion-flex-column-wrapper-legacy\"><div class=\"fusion-text fusion-text-1 singlepage-head\"><h1>Conditions<\/h1>\n<\/div><div class=\"fusion-text fusion-text-2\" style=\"--awb-text-transform:none;\"><p>T\u00e9l\u00e9chargez nos conditions g\u00e9n\u00e9rales de livraison et de paiement (NL) ci-dessous.<\/p>\n<p><a class=\"btn-farmstore\" href=\"\/wp-content\/uploads\/Algemene-voorwaarden-Farmstore-BV-2026.pdf\" target=\"_blank\" rel=\"noopener\">Conditions de t\u00e9l\u00e9chargement<\/a><\/p>\n<\/div><div class=\"fusion-clearfix\"><\/div><\/div><\/div><\/div><\/div>\n","protected":false},"excerpt":{"rendered":"","protected":false},"author":1,"featured_media":0,"parent":2165,"menu_order":30,"comment_status":"closed","ping_status":"closed","template":"","meta":{"footnotes":""},"class_list":["post-2177","page","type-page","status-publish","hentry"],"yoast_head":"<!-- This site is optimized with the Yoast SEO plugin v27.2 - https:\/\/yoast.com\/product\/yoast-seo-wordpress\/ -->\n<title>Conditions - Farmstore<\/title>\n<meta name=\"robots\" content=\"index, follow, max-snippet:-1, max-image-preview:large, max-video-preview:-1\" \/>\n<link rel=\"canonical\" href=\"https:\/\/www.farmstore.nl\/fr\/a-propos-de-nous\/conditions\/\" \/>\n<meta property=\"og:locale\" content=\"fr_FR\" \/>\n<meta property=\"og:type\" content=\"article\" \/>\n<meta property=\"og:title\" content=\"Conditions - Farmstore\" \/>\n<meta property=\"og:url\" content=\"https:\/\/www.farmstore.nl\/fr\/a-propos-de-nous\/conditions\/\" \/>\n<meta property=\"og:site_name\" content=\"Farmstore\" \/>\n<meta property=\"article:modified_time\" content=\"2026-01-28T18:51:10+00:00\" \/>\n<meta name=\"twitter:card\" content=\"summary_large_image\" \/>\n<meta name=\"twitter:label1\" content=\"Dur\u00e9e de lecture estim\u00e9e\" \/>\n\t<meta name=\"twitter:data1\" content=\"1 minute\" \/>\n<script type=\"application\/ld+json\" class=\"yoast-schema-graph\">{\"@context\":\"https:\/\/schema.org\",\"@graph\":[{\"@type\":\"WebPage\",\"@id\":\"https:\/\/www.farmstore.nl\/fr\/a-propos-de-nous\/conditions\/\",\"url\":\"https:\/\/www.farmstore.nl\/fr\/a-propos-de-nous\/conditions\/\",\"name\":\"Conditions - Farmstore\",\"isPartOf\":{\"@id\":\"https:\/\/www.farmstore.nl\/fr\/#website\"},\"datePublished\":\"2018-10-04T06:02:17+00:00\",\"dateModified\":\"2026-01-28T18:51:10+00:00\",\"breadcrumb\":{\"@id\":\"https:\/\/www.farmstore.nl\/fr\/a-propos-de-nous\/conditions\/#breadcrumb\"},\"inLanguage\":\"fr-FR\",\"potentialAction\":[{\"@type\":\"ReadAction\",\"target\":[\"https:\/\/www.farmstore.nl\/fr\/a-propos-de-nous\/conditions\/\"]}]},{\"@type\":\"BreadcrumbList\",\"@id\":\"https:\/\/www.farmstore.nl\/fr\/a-propos-de-nous\/conditions\/#breadcrumb\",\"itemListElement\":[{\"@type\":\"ListItem\",\"position\":1,\"name\":\"Home\",\"item\":\"https:\/\/www.farmstore.nl\/fr\/home\/\"},{\"@type\":\"ListItem\",\"position\":2,\"name\":\"A propos de nous\",\"item\":\"https:\/\/www.farmstore.nl\/fr\/a-propos-de-nous\/\"},{\"@type\":\"ListItem\",\"position\":3,\"name\":\"Conditions\"}]},{\"@type\":\"WebSite\",\"@id\":\"https:\/\/www.farmstore.nl\/fr\/#website\",\"url\":\"https:\/\/www.farmstore.nl\/fr\/\",\"name\":\"Farmstore\",\"description\":\"D\u00e9 importeur van landbouw en veeteelt machines\",\"potentialAction\":[{\"@type\":\"SearchAction\",\"target\":{\"@type\":\"EntryPoint\",\"urlTemplate\":\"https:\/\/www.farmstore.nl\/fr\/?s={search_term_string}\"},\"query-input\":{\"@type\":\"PropertyValueSpecification\",\"valueRequired\":true,\"valueName\":\"search_term_string\"}}],\"inLanguage\":\"fr-FR\"}]}<\/script>\n<!-- \/ Yoast SEO plugin. -->","yoast_head_json":{"title":"Conditions - Farmstore","robots":{"index":"index","follow":"follow","max-snippet":"max-snippet:-1","max-image-preview":"max-image-preview:large","max-video-preview":"max-video-preview:-1"},"canonical":"https:\/\/www.farmstore.nl\/fr\/a-propos-de-nous\/conditions\/","og_locale":"fr_FR","og_type":"article","og_title":"Conditions - Farmstore","og_url":"https:\/\/www.farmstore.nl\/fr\/a-propos-de-nous\/conditions\/","og_site_name":"Farmstore","article_modified_time":"2026-01-28T18:51:10+00:00","twitter_card":"summary_large_image","twitter_misc":{"Dur\u00e9e de lecture estim\u00e9e":"1 minute"},"schema":{"@context":"https:\/\/schema.org","@graph":[{"@type":"WebPage","@id":"https:\/\/www.farmstore.nl\/fr\/a-propos-de-nous\/conditions\/","url":"https:\/\/www.farmstore.nl\/fr\/a-propos-de-nous\/conditions\/","name":"Conditions - Farmstore","isPartOf":{"@id":"https:\/\/www.farmstore.nl\/fr\/#website"},"datePublished":"2018-10-04T06:02:17+00:00","dateModified":"2026-01-28T18:51:10+00:00","breadcrumb":{"@id":"https:\/\/www.farmstore.nl\/fr\/a-propos-de-nous\/conditions\/#breadcrumb"},"inLanguage":"fr-FR","potentialAction":[{"@type":"ReadAction","target":["https:\/\/www.farmstore.nl\/fr\/a-propos-de-nous\/conditions\/"]}]},{"@type":"BreadcrumbList","@id":"https:\/\/www.farmstore.nl\/fr\/a-propos-de-nous\/conditions\/#breadcrumb","itemListElement":[{"@type":"ListItem","position":1,"name":"Home","item":"https:\/\/www.farmstore.nl\/fr\/home\/"},{"@type":"ListItem","position":2,"name":"A propos de nous","item":"https:\/\/www.farmstore.nl\/fr\/a-propos-de-nous\/"},{"@type":"ListItem","position":3,"name":"Conditions"}]},{"@type":"WebSite","@id":"https:\/\/www.farmstore.nl\/fr\/#website","url":"https:\/\/www.farmstore.nl\/fr\/","name":"Farmstore","description":"D\u00e9 importeur van landbouw en veeteelt machines","potentialAction":[{"@type":"SearchAction","target":{"@type":"EntryPoint","urlTemplate":"https:\/\/www.farmstore.nl\/fr\/?s={search_term_string}"},"query-input":{"@type":"PropertyValueSpecification","valueRequired":true,"valueName":"search_term_string"}}],"inLanguage":"fr-FR"}]}},"_links":{"self":[{"href":"https:\/\/www.farmstore.nl\/fr\/wp-json\/wp\/v2\/pages\/2177","targetHints":{"allow":["GET"]}}],"collection":[{"href":"https:\/\/www.farmstore.nl\/fr\/wp-json\/wp\/v2\/pages"}],"about":[{"href":"https:\/\/www.farmstore.nl\/fr\/wp-json\/wp\/v2\/types\/page"}],"author":[{"embeddable":true,"href":"https:\/\/www.farmstore.nl\/fr\/wp-json\/wp\/v2\/users\/1"}],"replies":[{"embeddable":true,"href":"https:\/\/www.farmstore.nl\/fr\/wp-json\/wp\/v2\/comments?post=2177"}],"version-history":[{"count":3,"href":"https:\/\/www.farmstore.nl\/fr\/wp-json\/wp\/v2\/pages\/2177\/revisions"}],"predecessor-version":[{"id":4475,"href":"https:\/\/www.farmstore.nl\/fr\/wp-json\/wp\/v2\/pages\/2177\/revisions\/4475"}],"up":[{"embeddable":true,"href":"https:\/\/www.farmstore.nl\/fr\/wp-json\/wp\/v2\/pages\/2165"}],"wp:attachment":[{"href":"https:\/\/www.farmstore.nl\/fr\/wp-json\/wp\/v2\/media?parent=2177"}],"curies":[{"name":"wp","href":"https:\/\/api.w.org\/{rel}","templated":true}]}}