{"id":2195,"date":"2018-09-28T12:30:14","date_gmt":"2018-09-28T10:30:14","guid":{"rendered":"https:\/\/www.farmstore.nl\/privacy"},"modified":"2024-03-07T09:30:07","modified_gmt":"2024-03-07T08:30:07","slug":"privacy","status":"publish","type":"page","link":"https:\/\/www.farmstore.nl\/fr\/privacy\/","title":{"rendered":"Privacy"},"content":{"rendered":"<div class=\"fusion-fullwidth fullwidth-box fusion-builder-row-1 nonhundred-percent-fullwidth non-hundred-percent-height-scrolling\" style=\"--awb-border-radius-top-left:0px;--awb-border-radius-top-right:0px;--awb-border-radius-bottom-right:0px;--awb-border-radius-bottom-left:0px;--awb-flex-wrap:wrap;\" ><div class=\"fusion-builder-row fusion-row\"><div class=\"fusion-layout-column fusion_builder_column fusion-builder-column-0 fusion_builder_column_1_1 1_1 fusion-one-full fusion-column-first fusion-column-last\" style=\"--awb-bg-size:cover;\"><div class=\"fusion-column-wrapper fusion-flex-column-wrapper-legacy\"><div class=\"fusion-text fusion-text-1 singlepage-head\"><h1>D\u00e9claration de confidentialit\u00e9 relative \u00e0 l&rsquo;administration des clients et des fournisseurs<\/h1>\n<\/div><div class=\"fusion-text fusion-text-2\" style=\"--awb-text-transform:none;\"><h3>Collecte et utilisation de donn\u00e9es \u00e0 caract\u00e8re personnel provenant de clients, de fournisseurs et d&rsquo;autres contractants<\/h3>\n<p>Veuillez noter que nous collecterons et utiliserons les donn\u00e9es personnelles que vous nous fournissez parce qu&rsquo;elles sont n\u00e9cessaires \u00e0 la conclusion et \u00e0 l&rsquo;ex\u00e9cution de tout accord avec vous. Ceci s&rsquo;applique \u00e0 la fois \u00e0 nos clients (potentiels) et aux parties auxquelles nous achetons des affaires et\/ou des services.<\/p>\n<p>Si vous \u00eates un de nos clients (potentiels), nous utilisons vos donn\u00e9es pour vous envoyer une offre, pour d\u00e9terminer les sp\u00e9cifications ou les souhaits auxquels un certain article ou service doit r\u00e9pondre, pour vous livrer des marchandises ou effectuer des travaux, pour vous facturer et pour communiquer avec vous de mani\u00e8re fluide et efficace sur les aspects d&rsquo;ex\u00e9cution de l&rsquo;accord.<\/p>\n<p>Si vous \u00eates un fournisseur (potentiel) ou un autre contractant, vos donn\u00e9es personnelles sont \u00e9galement n\u00e9cessaires \u00e0 la conclusion et \u00e0 l&rsquo;ex\u00e9cution du contrat. Dans le domaine des march\u00e9s publics, cela est n\u00e9cessaire pour vous indiquer les sp\u00e9cifications ou les exigences auxquelles un article ou un service particulier doit r\u00e9pondre en ce qui nous concerne, pour vous envoyer une demande de devis ou vous passer une commande, pour payer vos factures et pour communiquer avec vous de mani\u00e8re fluide et efficace sur d&rsquo;autres aspects de l&rsquo;accord.<\/p>\n<p>Vous n&rsquo;\u00eates pas oblig\u00e9 de nous fournir vos donn\u00e9es personnelles. Si vous nous fournissez des donn\u00e9es personnelles inexistantes ou insuffisantes, il est r\u00e9ellement possible que nous ne soyons pas en mesure de mener \u00e0 bien les activit\u00e9s susmentionn\u00e9es.<\/p>\n<h3>Transmission \u00e0 des tiers<\/h3>\n<p>Dans le cadre de l&rsquo;ex\u00e9cution d&rsquo;un accord avec vous, nous pouvons \u00eatre amen\u00e9s \u00e0 fournir vos donn\u00e9es \u00e0 caract\u00e8re personnel \u00e0 des parties qui nous fournissent des pi\u00e8ces, des mat\u00e9riaux et des produits ou qui effectuent des travaux en notre nom. En outre, nous utilisons de l&rsquo;espace serveur externe pour stocker (en partie) nos dossiers de vente et d&rsquo;achat, qui comprennent vos donn\u00e9es \u00e0 caract\u00e8re personnel. C&rsquo;est pour cette raison que vos donn\u00e9es personnelles sont communiqu\u00e9es \u00e0 notre fournisseur d&rsquo;espace serveur. En outre, nous utilisons Microsoft Office et ses outils de stockage pour les courriers \u00e9lectroniques et autres fichiers. Enfin, comme nous utilisons un service d&rsquo;envoi de lettres d&rsquo;information, vos donn\u00e9es personnelles seront transf\u00e9r\u00e9es au fournisseur de ce service.<\/p>\n<h3>Marketing direct<\/h3>\n<p><strong>OPTION 1 (si vous faites la distinction entre les clients ponctuels et les clients avec lesquels vous entretenez une relation \u00e0 long terme) <\/strong><strong>et vous n&rsquo;enverrez de courrier qu&rsquo;aux clients avec lesquels vous entretenez une relation durable) :<br \/>\n<\/strong>Si vous passez r\u00e9guli\u00e8rement commande chez nous, nous conserverons et utiliserons les donn\u00e9es personnelles que vous nous fournissez pour vous informer personnellement par e-mail de nos produits et services existants et nouveaux \u00e0 l&rsquo;avenir, et \u00e9ventuellement vous faire une offre \u00e0 ce sujet. Nous avons un int\u00e9r\u00eat l\u00e9gitime \u00e0 utiliser vos donn\u00e9es personnelles \u00e0 cette fin, \u00e0 savoir la commercialisation de nos produits et services. Chaque fois que nous vous envoyons un mailing publicitaire, vous avez la possibilit\u00e9 de nous faire savoir que vous ne souhaitez plus le recevoir. Pour ce faire, veuillez consulter le lien de d\u00e9sinscription figurant au bas de chaque envoi. Si vous \u00eates un client unique, nous ne vous enverrons des messages publicitaires que si vous nous avez donn\u00e9 votre accord pr\u00e9alable.<\/p>\n<p><strong>OPTION 2 (si vous ne faites pas de distinction entre les clients ponctuels et les clients avec lesquels vous entretenez une relation \u00e0 long terme et que vous demandez donc \u00e0 tous vos clients de consentir \u00e0 la prospection directe) :<\/strong><br \/>\nSi vous nous avez donn\u00e9 votre accord, nous conserverons et utiliserons les donn\u00e9es personnelles que vous nous avez fournies pour vous informer personnellement par e-mail de nos produits et services existants et nouveaux \u00e0 l&rsquo;avenir, et \u00e9ventuellement vous faire une offre \u00e0 ce sujet. Chaque fois que nous vous envoyons un mailing publicitaire, vous avez la possibilit\u00e9 de nous faire savoir que vous ne souhaitez plus le recevoir. Pour ce faire, veuillez consulter le lien de d\u00e9sinscription figurant au bas de chaque envoi.<\/p>\n<h3>P\u00e9riode de conservation des donn\u00e9es personnelles<\/h3>\n<p>Si vous nous avez demand\u00e9 un devis mais que vous n&rsquo;\u00eates pas devenu client, nous supprimerons vos donn\u00e9es au plus tard un an apr\u00e8s notre dernier contact. De m\u00eame, si nous avons re\u00e7u une offre de votre part, mais que nous ne sommes pas devenus votre client, vos donn\u00e9es personnelles seront supprim\u00e9es au plus tard un an apr\u00e8s notre dernier contact. Si vous \u00eates devenu client chez nous ou si nous sommes devenus clients chez vous, nous conserverons vos donn\u00e9es \u00e0 caract\u00e8re personnel pendant sept ans apr\u00e8s la fin de l&rsquo;exercice financier au cours duquel l&rsquo;accord conclu avec vous a \u00e9t\u00e9 pleinement ex\u00e9cut\u00e9. La p\u00e9riode de sept ans correspond \u00e0 la p\u00e9riode pendant laquelle nous sommes tenus de conserver nos dossiers pour les autorit\u00e9s fiscales. \u00c0 l&rsquo;issue de cette p\u00e9riode, nous supprimerons vos donn\u00e9es personnelles.<\/p>\n<h3>Vos droits<\/h3>\n<p>Vous avez le droit de nous demander d&rsquo;acc\u00e9der \u00e0 vos donn\u00e9es personnelles. Si cela se justifie, vous pouvez \u00e9galement nous demander de compl\u00e9ter vos donn\u00e9es personnelles ou de corriger les inexactitudes. En outre, vous avez le droit de demander que vos donn\u00e9es personnelles soient effac\u00e9es ou que l&rsquo;utilisation de vos donn\u00e9es personnelles soit limit\u00e9e. Vous pouvez \u00e9galement vous opposer \u00e0 la collecte et \u00e0 l&rsquo;utilisation de vos donn\u00e9es ou d\u00e9poser une plainte aupr\u00e8s de l&rsquo;Autorit\u00e9 des donn\u00e9es personnelles. Enfin, vous pouvez nous demander d&rsquo;obtenir vos donn\u00e9es personnelles ou de les transf\u00e9rer \u00e0 une autre personne. Pour exercer vos droits, veuillez contacter<\/p>\n<p><strong>Farmstore B.V.<\/strong><br \/>\nEwinkel 12<br \/>\n5431 ND Cuijk<br \/>\nTel. +31 855 80 87 38<br \/>\nE-mail: info@farmstore.nl<\/p>\n<p>Bien entendu, vous pouvez \u00e9galement nous contacter si vous avez des questions ou si vous souhaitez obtenir de plus amples informations sur la collecte et l&rsquo;utilisation de vos donn\u00e9es personnelles.<\/p>\n<p>Bleskensgraaf 13 juin 2018<\/p>\n<\/div><div class=\"fusion-clearfix\"><\/div><\/div><\/div><\/div><\/div>\n","protected":false},"excerpt":{"rendered":"","protected":false},"author":1,"featured_media":0,"parent":0,"menu_order":100,"comment_status":"closed","ping_status":"closed","template":"","meta":{"footnotes":""},"class_list":["post-2195","page","type-page","status-publish","hentry"],"yoast_head":"<!-- This site is optimized with the Yoast SEO plugin v27.4 - https:\/\/yoast.com\/product\/yoast-seo-wordpress\/ -->\n<title>Privacy - Farmstore<\/title>\n<meta name=\"robots\" content=\"index, follow, max-snippet:-1, max-image-preview:large, max-video-preview:-1\" \/>\n<link rel=\"canonical\" href=\"https:\/\/www.farmstore.nl\/fr\/privacy\/\" \/>\n<meta property=\"og:locale\" content=\"fr_FR\" \/>\n<meta property=\"og:type\" content=\"article\" \/>\n<meta property=\"og:title\" content=\"Privacy - Farmstore\" \/>\n<meta property=\"og:url\" content=\"https:\/\/www.farmstore.nl\/fr\/privacy\/\" \/>\n<meta property=\"og:site_name\" content=\"Farmstore\" \/>\n<meta property=\"article:modified_time\" content=\"2024-03-07T08:30:07+00:00\" \/>\n<meta name=\"twitter:card\" content=\"summary_large_image\" \/>\n<meta name=\"twitter:label1\" content=\"Dur\u00e9e de lecture estim\u00e9e\" \/>\n\t<meta name=\"twitter:data1\" content=\"7 minutes\" \/>\n<script type=\"application\/ld+json\" class=\"yoast-schema-graph\">{\"@context\":\"https:\\\/\\\/schema.org\",\"@graph\":[{\"@type\":\"WebPage\",\"@id\":\"https:\\\/\\\/www.farmstore.nl\\\/fr\\\/privacy\\\/\",\"url\":\"https:\\\/\\\/www.farmstore.nl\\\/fr\\\/privacy\\\/\",\"name\":\"Privacy - Farmstore\",\"isPartOf\":{\"@id\":\"https:\\\/\\\/www.farmstore.nl\\\/fr\\\/#website\"},\"datePublished\":\"2018-09-28T10:30:14+00:00\",\"dateModified\":\"2024-03-07T08:30:07+00:00\",\"breadcrumb\":{\"@id\":\"https:\\\/\\\/www.farmstore.nl\\\/fr\\\/privacy\\\/#breadcrumb\"},\"inLanguage\":\"fr-FR\",\"potentialAction\":[{\"@type\":\"ReadAction\",\"target\":[\"https:\\\/\\\/www.farmstore.nl\\\/fr\\\/privacy\\\/\"]}]},{\"@type\":\"BreadcrumbList\",\"@id\":\"https:\\\/\\\/www.farmstore.nl\\\/fr\\\/privacy\\\/#breadcrumb\",\"itemListElement\":[{\"@type\":\"ListItem\",\"position\":1,\"name\":\"Home\",\"item\":\"https:\\\/\\\/www.farmstore.nl\\\/fr\\\/\"},{\"@type\":\"ListItem\",\"position\":2,\"name\":\"Privacy\"}]},{\"@type\":\"WebSite\",\"@id\":\"https:\\\/\\\/www.farmstore.nl\\\/fr\\\/#website\",\"url\":\"https:\\\/\\\/www.farmstore.nl\\\/fr\\\/\",\"name\":\"Farmstore\",\"description\":\"D\u00e9 importeur van landbouw en veeteelt machines\",\"potentialAction\":[{\"@type\":\"SearchAction\",\"target\":{\"@type\":\"EntryPoint\",\"urlTemplate\":\"https:\\\/\\\/www.farmstore.nl\\\/fr\\\/?s={search_term_string}\"},\"query-input\":{\"@type\":\"PropertyValueSpecification\",\"valueRequired\":true,\"valueName\":\"search_term_string\"}}],\"inLanguage\":\"fr-FR\"}]}<\/script>\n<!-- \/ Yoast SEO plugin. -->","yoast_head_json":{"title":"Privacy - Farmstore","robots":{"index":"index","follow":"follow","max-snippet":"max-snippet:-1","max-image-preview":"max-image-preview:large","max-video-preview":"max-video-preview:-1"},"canonical":"https:\/\/www.farmstore.nl\/fr\/privacy\/","og_locale":"fr_FR","og_type":"article","og_title":"Privacy - Farmstore","og_url":"https:\/\/www.farmstore.nl\/fr\/privacy\/","og_site_name":"Farmstore","article_modified_time":"2024-03-07T08:30:07+00:00","twitter_card":"summary_large_image","twitter_misc":{"Dur\u00e9e de lecture estim\u00e9e":"7 minutes"},"schema":{"@context":"https:\/\/schema.org","@graph":[{"@type":"WebPage","@id":"https:\/\/www.farmstore.nl\/fr\/privacy\/","url":"https:\/\/www.farmstore.nl\/fr\/privacy\/","name":"Privacy - Farmstore","isPartOf":{"@id":"https:\/\/www.farmstore.nl\/fr\/#website"},"datePublished":"2018-09-28T10:30:14+00:00","dateModified":"2024-03-07T08:30:07+00:00","breadcrumb":{"@id":"https:\/\/www.farmstore.nl\/fr\/privacy\/#breadcrumb"},"inLanguage":"fr-FR","potentialAction":[{"@type":"ReadAction","target":["https:\/\/www.farmstore.nl\/fr\/privacy\/"]}]},{"@type":"BreadcrumbList","@id":"https:\/\/www.farmstore.nl\/fr\/privacy\/#breadcrumb","itemListElement":[{"@type":"ListItem","position":1,"name":"Home","item":"https:\/\/www.farmstore.nl\/fr\/"},{"@type":"ListItem","position":2,"name":"Privacy"}]},{"@type":"WebSite","@id":"https:\/\/www.farmstore.nl\/fr\/#website","url":"https:\/\/www.farmstore.nl\/fr\/","name":"Farmstore","description":"D\u00e9 importeur van landbouw en veeteelt machines","potentialAction":[{"@type":"SearchAction","target":{"@type":"EntryPoint","urlTemplate":"https:\/\/www.farmstore.nl\/fr\/?s={search_term_string}"},"query-input":{"@type":"PropertyValueSpecification","valueRequired":true,"valueName":"search_term_string"}}],"inLanguage":"fr-FR"}]}},"_links":{"self":[{"href":"https:\/\/www.farmstore.nl\/fr\/wp-json\/wp\/v2\/pages\/2195","targetHints":{"allow":["GET"]}}],"collection":[{"href":"https:\/\/www.farmstore.nl\/fr\/wp-json\/wp\/v2\/pages"}],"about":[{"href":"https:\/\/www.farmstore.nl\/fr\/wp-json\/wp\/v2\/types\/page"}],"author":[{"embeddable":true,"href":"https:\/\/www.farmstore.nl\/fr\/wp-json\/wp\/v2\/users\/1"}],"replies":[{"embeddable":true,"href":"https:\/\/www.farmstore.nl\/fr\/wp-json\/wp\/v2\/comments?post=2195"}],"version-history":[{"count":2,"href":"https:\/\/www.farmstore.nl\/fr\/wp-json\/wp\/v2\/pages\/2195\/revisions"}],"predecessor-version":[{"id":2197,"href":"https:\/\/www.farmstore.nl\/fr\/wp-json\/wp\/v2\/pages\/2195\/revisions\/2197"}],"wp:attachment":[{"href":"https:\/\/www.farmstore.nl\/fr\/wp-json\/wp\/v2\/media?parent=2195"}],"curies":[{"name":"wp","href":"https:\/\/api.w.org\/{rel}","templated":true}]}}