{"id":2198,"date":"2018-10-17T09:07:10","date_gmt":"2018-10-17T07:07:10","guid":{"rendered":"https:\/\/www.farmstore.nl\/cookies"},"modified":"2024-03-07T09:34:21","modified_gmt":"2024-03-07T08:34:21","slug":"cookies","status":"publish","type":"page","link":"https:\/\/www.farmstore.nl\/fr\/cookies\/","title":{"rendered":"Cookies"},"content":{"rendered":"<div class=\"fusion-fullwidth fullwidth-box fusion-builder-row-1 nonhundred-percent-fullwidth non-hundred-percent-height-scrolling\" style=\"--awb-border-radius-top-left:0px;--awb-border-radius-top-right:0px;--awb-border-radius-bottom-right:0px;--awb-border-radius-bottom-left:0px;--awb-flex-wrap:wrap;\" ><div class=\"fusion-builder-row fusion-row\"><div class=\"fusion-layout-column fusion_builder_column fusion-builder-column-0 fusion_builder_column_1_1 1_1 fusion-one-full fusion-column-first fusion-column-last\" style=\"--awb-bg-size:cover;\"><div class=\"fusion-column-wrapper fusion-flex-column-wrapper-legacy\"><div class=\"fusion-text fusion-text-1 singlepage-head\"><h1>Cookies<\/h1>\n<\/div><div class=\"fusion-text fusion-text-2\"><p>Farmstore B.V. utilise des cookies. Sur cette page, nous fournissons plus d&rsquo;informations sur les cookies que nous utilisons et sur l&rsquo;usage que nous en faisons. Vous pouvez toujours supprimer les cookies vous-m\u00eame. Pour plus d&rsquo;informations, consultez le site web <a href=\"https:\/\/www.aboutcookies.org\/how-to-delete-cookies\/\" target=\"_blank\" rel=\"noopener\">All About Cookies<\/a>.<\/p>\n<h3>Quels sont les cookies utilis\u00e9s par Farmstore B.V. ?<\/h3>\n<p>Nous utilisons des <strong>cookies fonctionnels<\/strong>, par exemple ceux de Google Maps et de YouTube. Par ailleurs, elles ne sont utilis\u00e9es que sur les pages sur lesquelles nous avons plac\u00e9 (par exemple) une carte Google Maps ou une vid\u00e9o YouTube. Conform\u00e9ment \u00e0 la loi sur les cookies, nous ne devons pas demander d&rsquo;autorisation \u00e0 cet effet. Les cookies fonctionnels ne nous permettent pas de r\u00e9cup\u00e9rer les donn\u00e9es personnelles de nos visiteurs.<\/p>\n<p>En outre, nous utilisons des <strong>cookies analytiques<\/strong>. Gr\u00e2ce \u00e0 ces cookies, nous pouvons mieux comprendre combien de personnes visitent notre site web et comment elles l&rsquo;utilisent. Nous utilisons ces informations pour am\u00e9liorer l&rsquo;exp\u00e9rience de l&rsquo;utilisateur sur farmstore.nl. Nous utilisons Google Analytics \u00e0 cette fin. Nous ne sommes pas non plus tenus de demander le consentement des personnes concern\u00e9es pour installer des cookies analytiques :<\/p>\n<ul>\n<li>nous avons s\u00e9curis\u00e9 notre site web avec un certificat SSL ;<\/li>\n<li>nous avons bloqu\u00e9 l&rsquo;envoi conjoint d&rsquo;adresses IP \u00e0 Google ;<\/li>\n<li>nous ne partageons pas les donn\u00e9es de Google Analytics avec les sp\u00e9cialistes de Google ;<\/li>\n<li>et parce que nous informons nos visiteurs (sur cette page) de l&rsquo;existence de ces cookies.<\/li>\n<\/ul>\n<p>Les sites web auxquels nous renvoyons peuvent \u00e9galement utiliser des cookies. Ceci est ind\u00e9pendant de notre volont\u00e9. Nous n&rsquo;acceptons donc aucune responsabilit\u00e9 pour le contenu et\/ou les cookies de tout site web auquel nous renvoyons.<\/p>\n<h3>Blocage des cookies<\/h3>\n<p>Si vous ne souhaitez pas recevoir de cookies, vous pouvez ajuster les param\u00e8tres de votre navigateur Internet afin de bloquer compl\u00e8tement l&rsquo;installation de cookies. Si vous bloquez les cookies, vous pouvez toujours visiter notre (nos) site(s) web. Toutefois, il se peut que vous ne puissiez pas utiliser toutes les parties ou fonctionnalit\u00e9s du site web.<\/p>\n<h3>Suppression des cookies plac\u00e9s<\/h3>\n<p>Vous pouvez supprimer vous-m\u00eame les cookies plac\u00e9s. Veuillez consulter le manuel de votre navigateur \u00e0 ce sujet ou utiliser tout logiciel de s\u00e9curit\u00e9 install\u00e9 sur votre ordinateur.<\/p>\n<\/div><div class=\"fusion-clearfix\"><\/div><\/div><\/div><\/div><\/div>\n","protected":false},"excerpt":{"rendered":"","protected":false},"author":1,"featured_media":0,"parent":0,"menu_order":110,"comment_status":"closed","ping_status":"closed","template":"","meta":{"footnotes":""},"class_list":["post-2198","page","type-page","status-publish","hentry"],"yoast_head":"<!-- This site is optimized with the Yoast SEO plugin v27.3 - https:\/\/yoast.com\/product\/yoast-seo-wordpress\/ -->\n<title>Cookies - Farmstore<\/title>\n<meta name=\"robots\" content=\"index, follow, max-snippet:-1, max-image-preview:large, max-video-preview:-1\" \/>\n<link rel=\"canonical\" href=\"https:\/\/www.farmstore.nl\/fr\/cookies\/\" \/>\n<meta property=\"og:locale\" content=\"fr_FR\" \/>\n<meta property=\"og:type\" content=\"article\" \/>\n<meta property=\"og:title\" content=\"Cookies - Farmstore\" \/>\n<meta property=\"og:url\" content=\"https:\/\/www.farmstore.nl\/fr\/cookies\/\" \/>\n<meta property=\"og:site_name\" content=\"Farmstore\" \/>\n<meta property=\"article:modified_time\" content=\"2024-03-07T08:34:21+00:00\" \/>\n<meta name=\"twitter:card\" content=\"summary_large_image\" \/>\n<meta name=\"twitter:label1\" content=\"Dur\u00e9e de lecture estim\u00e9e\" \/>\n\t<meta name=\"twitter:data1\" content=\"3 minutes\" \/>\n<script type=\"application\/ld+json\" class=\"yoast-schema-graph\">{\"@context\":\"https:\\\/\\\/schema.org\",\"@graph\":[{\"@type\":\"WebPage\",\"@id\":\"https:\\\/\\\/www.farmstore.nl\\\/fr\\\/cookies\\\/\",\"url\":\"https:\\\/\\\/www.farmstore.nl\\\/fr\\\/cookies\\\/\",\"name\":\"Cookies - Farmstore\",\"isPartOf\":{\"@id\":\"https:\\\/\\\/www.farmstore.nl\\\/fr\\\/#website\"},\"datePublished\":\"2018-10-17T07:07:10+00:00\",\"dateModified\":\"2024-03-07T08:34:21+00:00\",\"breadcrumb\":{\"@id\":\"https:\\\/\\\/www.farmstore.nl\\\/fr\\\/cookies\\\/#breadcrumb\"},\"inLanguage\":\"fr-FR\",\"potentialAction\":[{\"@type\":\"ReadAction\",\"target\":[\"https:\\\/\\\/www.farmstore.nl\\\/fr\\\/cookies\\\/\"]}]},{\"@type\":\"BreadcrumbList\",\"@id\":\"https:\\\/\\\/www.farmstore.nl\\\/fr\\\/cookies\\\/#breadcrumb\",\"itemListElement\":[{\"@type\":\"ListItem\",\"position\":1,\"name\":\"Home\",\"item\":\"https:\\\/\\\/www.farmstore.nl\\\/fr\\\/\"},{\"@type\":\"ListItem\",\"position\":2,\"name\":\"Cookies\"}]},{\"@type\":\"WebSite\",\"@id\":\"https:\\\/\\\/www.farmstore.nl\\\/fr\\\/#website\",\"url\":\"https:\\\/\\\/www.farmstore.nl\\\/fr\\\/\",\"name\":\"Farmstore\",\"description\":\"D\u00e9 importeur van landbouw en veeteelt machines\",\"potentialAction\":[{\"@type\":\"SearchAction\",\"target\":{\"@type\":\"EntryPoint\",\"urlTemplate\":\"https:\\\/\\\/www.farmstore.nl\\\/fr\\\/?s={search_term_string}\"},\"query-input\":{\"@type\":\"PropertyValueSpecification\",\"valueRequired\":true,\"valueName\":\"search_term_string\"}}],\"inLanguage\":\"fr-FR\"}]}<\/script>\n<!-- \/ Yoast SEO plugin. -->","yoast_head_json":{"title":"Cookies - Farmstore","robots":{"index":"index","follow":"follow","max-snippet":"max-snippet:-1","max-image-preview":"max-image-preview:large","max-video-preview":"max-video-preview:-1"},"canonical":"https:\/\/www.farmstore.nl\/fr\/cookies\/","og_locale":"fr_FR","og_type":"article","og_title":"Cookies - Farmstore","og_url":"https:\/\/www.farmstore.nl\/fr\/cookies\/","og_site_name":"Farmstore","article_modified_time":"2024-03-07T08:34:21+00:00","twitter_card":"summary_large_image","twitter_misc":{"Dur\u00e9e de lecture estim\u00e9e":"3 minutes"},"schema":{"@context":"https:\/\/schema.org","@graph":[{"@type":"WebPage","@id":"https:\/\/www.farmstore.nl\/fr\/cookies\/","url":"https:\/\/www.farmstore.nl\/fr\/cookies\/","name":"Cookies - Farmstore","isPartOf":{"@id":"https:\/\/www.farmstore.nl\/fr\/#website"},"datePublished":"2018-10-17T07:07:10+00:00","dateModified":"2024-03-07T08:34:21+00:00","breadcrumb":{"@id":"https:\/\/www.farmstore.nl\/fr\/cookies\/#breadcrumb"},"inLanguage":"fr-FR","potentialAction":[{"@type":"ReadAction","target":["https:\/\/www.farmstore.nl\/fr\/cookies\/"]}]},{"@type":"BreadcrumbList","@id":"https:\/\/www.farmstore.nl\/fr\/cookies\/#breadcrumb","itemListElement":[{"@type":"ListItem","position":1,"name":"Home","item":"https:\/\/www.farmstore.nl\/fr\/"},{"@type":"ListItem","position":2,"name":"Cookies"}]},{"@type":"WebSite","@id":"https:\/\/www.farmstore.nl\/fr\/#website","url":"https:\/\/www.farmstore.nl\/fr\/","name":"Farmstore","description":"D\u00e9 importeur van landbouw en veeteelt machines","potentialAction":[{"@type":"SearchAction","target":{"@type":"EntryPoint","urlTemplate":"https:\/\/www.farmstore.nl\/fr\/?s={search_term_string}"},"query-input":{"@type":"PropertyValueSpecification","valueRequired":true,"valueName":"search_term_string"}}],"inLanguage":"fr-FR"}]}},"_links":{"self":[{"href":"https:\/\/www.farmstore.nl\/fr\/wp-json\/wp\/v2\/pages\/2198","targetHints":{"allow":["GET"]}}],"collection":[{"href":"https:\/\/www.farmstore.nl\/fr\/wp-json\/wp\/v2\/pages"}],"about":[{"href":"https:\/\/www.farmstore.nl\/fr\/wp-json\/wp\/v2\/types\/page"}],"author":[{"embeddable":true,"href":"https:\/\/www.farmstore.nl\/fr\/wp-json\/wp\/v2\/users\/1"}],"replies":[{"embeddable":true,"href":"https:\/\/www.farmstore.nl\/fr\/wp-json\/wp\/v2\/comments?post=2198"}],"version-history":[{"count":2,"href":"https:\/\/www.farmstore.nl\/fr\/wp-json\/wp\/v2\/pages\/2198\/revisions"}],"predecessor-version":[{"id":2200,"href":"https:\/\/www.farmstore.nl\/fr\/wp-json\/wp\/v2\/pages\/2198\/revisions\/2200"}],"wp:attachment":[{"href":"https:\/\/www.farmstore.nl\/fr\/wp-json\/wp\/v2\/media?parent=2198"}],"curies":[{"name":"wp","href":"https:\/\/api.w.org\/{rel}","templated":true}]}}